{"id":30563,"date":"2022-01-20T16:19:28","date_gmt":"2022-01-20T15:19:28","guid":{"rendered":"https:\/\/www.freelancermap.com\/blog\/?page_id=30563"},"modified":"2025-04-07T14:50:49","modified_gmt":"2025-04-07T12:50:49","slug":"plantillas-para-freelancer","status":"publish","type":"page","link":"https:\/\/www.freelancermap.com\/blog\/es\/plantillas-para-freelancer\/","title":{"rendered":""},"content":{"rendered":"\n<h1 class=\"wp-block-heading has-text-align-center\">Plantillas gratuitas para freelancers<\/h1>\n\n\n\n<p>\u00bfEres freelancer y buscas agilizar tus procesos de negocio? Ya seas principiante o cuentes con a\u00f1os de experiencia, tener los documentos correctos es esencial para gestionar tu negocio de manera profesional y eficiente. <\/p>\n\n\n\n<p>En <strong>freelancermap<\/strong>, ofrecemos una colecci\u00f3n de <strong>plantillas para freelancers personalizables y gratuitas<\/strong>, dise\u00f1adas espec\u00edficamente para freelancers. Desde contratos hasta facturas, aqu\u00ed encontrar\u00e1s todo lo que necesitas para proteger tu negocio y gestionar tus proyectos con facilidad.<\/p>\n\n\n\n<p><strong>\u00bfPor qu\u00e9 usar nuestras plantillas?<\/strong><\/p>\n\n\n\n<ul class=\"wp-block-list\">\n<li><strong>Gratis para descargar<\/strong>: Accede a estas valiosas herramientas sin gastar nada. Nuestras plantillas son 100% gratuitas para que los freelancers puedan concentrarse en lo que mejor saben hacer: \u00a1su trabajo!<\/li>\n\n\n\n<li><strong>Personalizables<\/strong>: Modifica las plantillas para adaptarlas a tus necesidades. Puedes a\u00f1adir tu logo, marca u otra informaci\u00f3n de tu negocio f\u00e1cilmente.<\/li>\n\n\n\n<li><strong>Legalmente seguras<\/strong>: Cada plantilla est\u00e1 dise\u00f1ada para proteger tus derechos y garantizar relaciones fluidas con los clientes, ayud\u00e1ndote a evitar disputas o malentendidos.<\/li>\n<\/ul>\n\n\n\n<p><strong>C\u00f3mo descargar las plantillas gratuitas para freelancers<\/strong><\/p>\n\n\n\n<p>\u00a1Descargar es sencillo! Solo haz clic en la plantilla que necesites, y ser\u00e1s redirigido inmediatamente a la p\u00e1gina donde estar\u00e1 disponible la descarga. No es necesario registrarse.<\/p>\n\n\n\n<h2 class=\"wp-block-heading\">Plantillas generales<\/h2>\n\n\n\n<ul class=\"wp-block-list\">\n<li><a href=\"https:\/\/www.freelancermap.com\/blog\/es\/contrato-de-confidencialidad-freelancers\/\">Contrato de confidencialidad<\/a><\/li>\n<\/ul>\n\n\n\n<div class=\"wp-block-columns is-layout-flex wp-container-core-columns-is-layout-1 wp-block-columns-is-layout-flex\">\n<div class=\"wp-block-column is-layout-flow wp-block-column-is-layout-flow\">\n<h2 class=\"wp-block-heading has-text-align-left\">Acquisici\u00f3n de clientes<\/h2>\n\n\n\n<ul class=\"wp-block-list\">\n<li><a href=\"https:\/\/www.freelancermap.com\/blog\/es\/curr-culum-freelance-c-mo-poner-tu-experiencia-aut-noma-en-el-cv\/\">CV<\/a><\/li>\n\n\n\n<li><a href=\"https:\/\/www.freelancermap.com\/blog\/es\/consejos-para-escribir-tus-candidaturas-como-freelance\/\">Propuesta<\/a><\/li>\n\n\n\n<li><a href=\"https:\/\/www.freelancermap.com\/blog\/es\/5-cl-usulas-imprescindibles-en-un-contrato-freelance\/\">Contrato<\/a><\/li>\n<\/ul>\n<\/div>\n<\/div>\n\n\n\n<h2 class=\"wp-block-heading\">Finanzas<\/h2>\n\n\n\n<ul class=\"wp-block-list\">\n<li><a href=\"https:\/\/www.freelancermap.com\/blog\/es\/carta-confirmacion-pedido-plantilla\/\">Confirmaci\u00f3n de pedido<\/a><\/li>\n\n\n\n<li><a href=\"https:\/\/www.freelancermap.com\/blog\/es\/c-mo-escribir-una-factura-como-freelancer-consejos-y-plantillas\/\">Factura<\/a><\/li>\n\n\n\n<li><a href=\"https:\/\/www.freelancermap.com\/blog\/es\/como-afrontar-y-manejar-los-pagos-tard-os-siendo-freelancer\/\">Recordatorios de pago<\/a><\/li>\n<\/ul>\n\n\n\n<p><\/p>\n","protected":false},"excerpt":{"rendered":"<p>Plantillas gratuitas para freelancers \u00bfEres freelancer y buscas agilizar tus procesos de negocio? Ya seas principiante o cuentes con a\u00f1os de experiencia, tener los documentos correctos es esencial para gestionar tu negocio de manera profesional y eficiente. En freelancermap, ofrecemos una colecci\u00f3n de plantillas para freelancers personalizables y gratuitas, dise\u00f1adas espec\u00edficamente para freelancers. Desde contratos [&hellip;]<\/p>\n","protected":false},"author":3120,"featured_media":30566,"parent":0,"menu_order":0,"comment_status":"closed","ping_status":"closed","template":"","meta":{"_kad_blocks_custom_css":"","_kad_blocks_head_custom_js":"","_kad_blocks_body_custom_js":"","_kad_blocks_footer_custom_js":"","footnotes":""},"class_list":["post-30563","page","type-page","status-publish","has-post-thumbnail","hentry"],"yoast_head":"<!-- This site is optimized with the Yoast SEO plugin v23.4 - https:\/\/yoast.com\/wordpress\/plugins\/seo\/ -->\n<title>Plantillas gratuitas para freelancers | Descarga gratuita \ud83d\udce5<\/title>\n<meta name=\"description\" content=\"\u2713 Propuesta \u2713 Contrato \u2713 Factura \u00a1y muchas mas! Descarga GRATIS estas plantillas y dale un empuj\u00f3n a tu negocio freelance \ud83d\ude80\" \/>\n<meta name=\"robots\" content=\"index, follow, max-snippet:-1, max-image-preview:large, max-video-preview:-1\" \/>\n<link rel=\"canonical\" href=\"https:\/\/www.freelancermap.com\/blog\/es\/plantillas-para-freelancer\/\" \/>\n<meta property=\"og:locale\" content=\"en_US\" \/>\n<meta property=\"og:type\" content=\"article\" \/>\n<meta property=\"og:title\" content=\"Plantillas gratuitas para freelancers | Descarga gratuita \ud83d\udce5\" \/>\n<meta property=\"og:description\" content=\"\u2713 Propuesta \u2713 Contrato \u2713 Factura \u00a1y muchas mas! Descarga GRATIS estas plantillas y dale un empuj\u00f3n a tu negocio freelance \ud83d\ude80\" \/>\n<meta property=\"og:url\" content=\"https:\/\/www.freelancermap.com\/blog\/es\/plantillas-para-freelancer\/\" \/>\n<meta property=\"og:site_name\" content=\"Freelancer Blog\" \/>\n<meta property=\"article:publisher\" content=\"https:\/\/www.facebook.com\/freelancermapInternational\/\" \/>\n<meta property=\"article:modified_time\" content=\"2025-04-07T12:50:49+00:00\" \/>\n<meta property=\"og:image\" content=\"https:\/\/www.freelancermap.com\/blog\/wp-content\/uploads\/2022\/01\/plantillas-para-freelancer.png\" \/>\n\t<meta property=\"og:image:width\" content=\"1200\" \/>\n\t<meta property=\"og:image:height\" content=\"630\" \/>\n\t<meta property=\"og:image:type\" content=\"image\/png\" \/>\n<meta name=\"twitter:card\" content=\"summary_large_image\" \/>\n<meta name=\"twitter:site\" content=\"@freelancer_INT\" \/>\n<meta name=\"twitter:label1\" content=\"Est. reading time\" \/>\n\t<meta name=\"twitter:data1\" content=\"2 minutes\" \/>\n<script type=\"application\/ld+json\" class=\"yoast-schema-graph\">{\"@context\":\"https:\/\/schema.org\",\"@graph\":[{\"@type\":\"WebPage\",\"@id\":\"https:\/\/www.freelancermap.com\/blog\/es\/plantillas-para-freelancer\/\",\"url\":\"https:\/\/www.freelancermap.com\/blog\/es\/plantillas-para-freelancer\/\",\"name\":\"Plantillas gratuitas para freelancers | Descarga gratuita \ud83d\udce5\",\"isPartOf\":{\"@id\":\"https:\/\/www.freelancermap.com\/blog\/#website\"},\"primaryImageOfPage\":{\"@id\":\"https:\/\/www.freelancermap.com\/blog\/es\/plantillas-para-freelancer\/#primaryimage\"},\"image\":{\"@id\":\"https:\/\/www.freelancermap.com\/blog\/es\/plantillas-para-freelancer\/#primaryimage\"},\"thumbnailUrl\":\"https:\/\/www.freelancermap.com\/blog\/wp-content\/uploads\/2022\/01\/plantillas-para-freelancer.png\",\"datePublished\":\"2022-01-20T15:19:28+00:00\",\"dateModified\":\"2025-04-07T12:50:49+00:00\",\"description\":\"\u2713 Propuesta \u2713 Contrato \u2713 Factura \u00a1y muchas mas! Descarga GRATIS estas plantillas y dale un empuj\u00f3n a tu negocio freelance \ud83d\ude80\",\"inLanguage\":\"en-US\",\"potentialAction\":[{\"@type\":\"ReadAction\",\"target\":[\"https:\/\/www.freelancermap.com\/blog\/es\/plantillas-para-freelancer\/\"]}]},{\"@type\":\"ImageObject\",\"inLanguage\":\"en-US\",\"@id\":\"https:\/\/www.freelancermap.com\/blog\/es\/plantillas-para-freelancer\/#primaryimage\",\"url\":\"https:\/\/www.freelancermap.com\/blog\/wp-content\/uploads\/2022\/01\/plantillas-para-freelancer.png\",\"contentUrl\":\"https:\/\/www.freelancermap.com\/blog\/wp-content\/uploads\/2022\/01\/plantillas-para-freelancer.png\",\"width\":1200,\"height\":630,\"caption\":\"Plantillas gratuitas para freelancer\"},{\"@type\":\"WebSite\",\"@id\":\"https:\/\/www.freelancermap.com\/blog\/#website\",\"url\":\"https:\/\/www.freelancermap.com\/blog\/\",\"name\":\"Freelancer Blog\",\"description\":\"Tips &amp; Practical Advice for Freelancers and IT professionals\",\"publisher\":{\"@id\":\"https:\/\/www.freelancermap.com\/blog\/#organization\"},\"potentialAction\":[{\"@type\":\"SearchAction\",\"target\":{\"@type\":\"EntryPoint\",\"urlTemplate\":\"https:\/\/www.freelancermap.com\/blog\/?s={search_term_string}\"},\"query-input\":{\"@type\":\"PropertyValueSpecification\",\"valueRequired\":true,\"valueName\":\"search_term_string\"}}],\"inLanguage\":\"en-US\"},{\"@type\":\"Organization\",\"@id\":\"https:\/\/www.freelancermap.com\/blog\/#organization\",\"name\":\"freelancermap.com\",\"url\":\"https:\/\/www.freelancermap.com\/blog\/\",\"logo\":{\"@type\":\"ImageObject\",\"inLanguage\":\"en-US\",\"@id\":\"https:\/\/www.freelancermap.com\/blog\/#\/schema\/logo\/image\/\",\"url\":\"https:\/\/www.freelancermap.com\/blog\/wp-content\/uploads\/2025\/02\/freelancermap-black-logo@4x.png\",\"contentUrl\":\"https:\/\/www.freelancermap.com\/blog\/wp-content\/uploads\/2025\/02\/freelancermap-black-logo@4x.png\",\"width\":1044,\"height\":145,\"caption\":\"freelancermap.com\"},\"image\":{\"@id\":\"https:\/\/www.freelancermap.com\/blog\/#\/schema\/logo\/image\/\"},\"sameAs\":[\"https:\/\/www.facebook.com\/freelancermapInternational\/\",\"https:\/\/x.com\/freelancer_INT\",\"https:\/\/www.linkedin.com\/company\/freelancermap-gmbh\/\",\"https:\/\/www.instagram.com\/freelancermap_int\/\"]}]}<\/script>\n<!-- \/ Yoast SEO plugin. -->","yoast_head_json":{"title":"Plantillas gratuitas para freelancers | Descarga gratuita \ud83d\udce5","description":"\u2713 Propuesta \u2713 Contrato \u2713 Factura \u00a1y muchas mas! Descarga GRATIS estas plantillas y dale un empuj\u00f3n a tu negocio freelance \ud83d\ude80","robots":{"index":"index","follow":"follow","max-snippet":"max-snippet:-1","max-image-preview":"max-image-preview:large","max-video-preview":"max-video-preview:-1"},"canonical":"https:\/\/www.freelancermap.com\/blog\/es\/plantillas-para-freelancer\/","og_locale":"en_US","og_type":"article","og_title":"Plantillas gratuitas para freelancers | Descarga gratuita \ud83d\udce5","og_description":"\u2713 Propuesta \u2713 Contrato \u2713 Factura \u00a1y muchas mas! Descarga GRATIS estas plantillas y dale un empuj\u00f3n a tu negocio freelance \ud83d\ude80","og_url":"https:\/\/www.freelancermap.com\/blog\/es\/plantillas-para-freelancer\/","og_site_name":"Freelancer Blog","article_publisher":"https:\/\/www.facebook.com\/freelancermapInternational\/","article_modified_time":"2025-04-07T12:50:49+00:00","og_image":[{"width":1200,"height":630,"url":"https:\/\/www.freelancermap.com\/blog\/wp-content\/uploads\/2022\/01\/plantillas-para-freelancer.png","type":"image\/png"}],"twitter_card":"summary_large_image","twitter_site":"@freelancer_INT","twitter_misc":{"Est. reading time":"2 minutes"},"schema":{"@context":"https:\/\/schema.org","@graph":[{"@type":"WebPage","@id":"https:\/\/www.freelancermap.com\/blog\/es\/plantillas-para-freelancer\/","url":"https:\/\/www.freelancermap.com\/blog\/es\/plantillas-para-freelancer\/","name":"Plantillas gratuitas para freelancers | Descarga gratuita \ud83d\udce5","isPartOf":{"@id":"https:\/\/www.freelancermap.com\/blog\/#website"},"primaryImageOfPage":{"@id":"https:\/\/www.freelancermap.com\/blog\/es\/plantillas-para-freelancer\/#primaryimage"},"image":{"@id":"https:\/\/www.freelancermap.com\/blog\/es\/plantillas-para-freelancer\/#primaryimage"},"thumbnailUrl":"https:\/\/www.freelancermap.com\/blog\/wp-content\/uploads\/2022\/01\/plantillas-para-freelancer.png","datePublished":"2022-01-20T15:19:28+00:00","dateModified":"2025-04-07T12:50:49+00:00","description":"\u2713 Propuesta \u2713 Contrato \u2713 Factura \u00a1y muchas mas! Descarga GRATIS estas plantillas y dale un empuj\u00f3n a tu negocio freelance \ud83d\ude80","inLanguage":"en-US","potentialAction":[{"@type":"ReadAction","target":["https:\/\/www.freelancermap.com\/blog\/es\/plantillas-para-freelancer\/"]}]},{"@type":"ImageObject","inLanguage":"en-US","@id":"https:\/\/www.freelancermap.com\/blog\/es\/plantillas-para-freelancer\/#primaryimage","url":"https:\/\/www.freelancermap.com\/blog\/wp-content\/uploads\/2022\/01\/plantillas-para-freelancer.png","contentUrl":"https:\/\/www.freelancermap.com\/blog\/wp-content\/uploads\/2022\/01\/plantillas-para-freelancer.png","width":1200,"height":630,"caption":"Plantillas gratuitas para freelancer"},{"@type":"WebSite","@id":"https:\/\/www.freelancermap.com\/blog\/#website","url":"https:\/\/www.freelancermap.com\/blog\/","name":"Freelancer Blog","description":"Tips &amp; Practical Advice for Freelancers and IT professionals","publisher":{"@id":"https:\/\/www.freelancermap.com\/blog\/#organization"},"potentialAction":[{"@type":"SearchAction","target":{"@type":"EntryPoint","urlTemplate":"https:\/\/www.freelancermap.com\/blog\/?s={search_term_string}"},"query-input":{"@type":"PropertyValueSpecification","valueRequired":true,"valueName":"search_term_string"}}],"inLanguage":"en-US"},{"@type":"Organization","@id":"https:\/\/www.freelancermap.com\/blog\/#organization","name":"freelancermap.com","url":"https:\/\/www.freelancermap.com\/blog\/","logo":{"@type":"ImageObject","inLanguage":"en-US","@id":"https:\/\/www.freelancermap.com\/blog\/#\/schema\/logo\/image\/","url":"https:\/\/www.freelancermap.com\/blog\/wp-content\/uploads\/2025\/02\/freelancermap-black-logo@4x.png","contentUrl":"https:\/\/www.freelancermap.com\/blog\/wp-content\/uploads\/2025\/02\/freelancermap-black-logo@4x.png","width":1044,"height":145,"caption":"freelancermap.com"},"image":{"@id":"https:\/\/www.freelancermap.com\/blog\/#\/schema\/logo\/image\/"},"sameAs":["https:\/\/www.facebook.com\/freelancermapInternational\/","https:\/\/x.com\/freelancer_INT","https:\/\/www.linkedin.com\/company\/freelancermap-gmbh\/","https:\/\/www.instagram.com\/freelancermap_int\/"]}]}},"taxonomy_info":[],"featured_image_src_large":["https:\/\/www.freelancermap.com\/blog\/wp-content\/uploads\/2022\/01\/plantillas-para-freelancer-1024x538.png",720,378,true],"author_info":{"display_name":"Stefania Volpe","author_link":"https:\/\/www.freelancermap.com\/blog\/author\/stefania-volpe\/"},"comment_info":0,"_links":{"self":[{"href":"https:\/\/www.freelancermap.com\/blog\/wp-json\/wp\/v2\/pages\/30563"}],"collection":[{"href":"https:\/\/www.freelancermap.com\/blog\/wp-json\/wp\/v2\/pages"}],"about":[{"href":"https:\/\/www.freelancermap.com\/blog\/wp-json\/wp\/v2\/types\/page"}],"author":[{"embeddable":true,"href":"https:\/\/www.freelancermap.com\/blog\/wp-json\/wp\/v2\/users\/3120"}],"replies":[{"embeddable":true,"href":"https:\/\/www.freelancermap.com\/blog\/wp-json\/wp\/v2\/comments?post=30563"}],"version-history":[{"count":7,"href":"https:\/\/www.freelancermap.com\/blog\/wp-json\/wp\/v2\/pages\/30563\/revisions"}],"predecessor-version":[{"id":46162,"href":"https:\/\/www.freelancermap.com\/blog\/wp-json\/wp\/v2\/pages\/30563\/revisions\/46162"}],"wp:featuredmedia":[{"embeddable":true,"href":"https:\/\/www.freelancermap.com\/blog\/wp-json\/wp\/v2\/media\/30566"}],"wp:attachment":[{"href":"https:\/\/www.freelancermap.com\/blog\/wp-json\/wp\/v2\/media?parent=30563"}],"curies":[{"name":"wp","href":"https:\/\/api.w.org\/{rel}","templated":true}]}}